{"id":16,"date":"2023-11-10T14:39:40","date_gmt":"2023-11-10T13:39:40","guid":{"rendered":"http:\/\/promoteka.pl\/mcsir\/?page_id=16"},"modified":"2025-03-14T10:16:03","modified_gmt":"2025-03-14T09:16:03","slug":"historia","status":"publish","type":"page","link":"http:\/\/mcsir.plonsk.pl\/index.php\/historia\/","title":{"rendered":"Historia"},"content":{"rendered":"\t\t<div data-elementor-type=\"wp-page\" data-elementor-id=\"16\" class=\"elementor elementor-16\">\n\t\t\t\t<div class=\"elementor-element elementor-element-1b2d437 e-flex e-con-boxed wpr-particle-no wpr-jarallax-no wpr-parallax-no wpr-sticky-section-no e-con e-parent\" data-id=\"1b2d437\" data-element_type=\"container\" data-e-type=\"container\">\n\t\t\t\t\t<div class=\"e-con-inner\">\n\t\t\t\t<div class=\"elementor-element elementor-element-4a7d90d elementor-widget elementor-widget-heading\" data-id=\"4a7d90d\" data-element_type=\"widget\" data-e-type=\"widget\" data-widget_type=\"heading.default\">\n\t\t\t\t<div class=\"elementor-widget-container\">\n\t\t\t\t\t<h2 class=\"elementor-heading-title elementor-size-medium\">Historia<\/h2>\t\t\t\t<\/div>\n\t\t\t\t<\/div>\n\t\t\t\t\t<\/div>\n\t\t\t\t<\/div>\n\t\t<div class=\"elementor-element elementor-element-3b9728d e-flex e-con-boxed wpr-particle-no wpr-jarallax-no wpr-parallax-no wpr-sticky-section-no e-con e-parent\" data-id=\"3b9728d\" data-element_type=\"container\" data-e-type=\"container\">\n\t\t\t\t\t<div class=\"e-con-inner\">\n\t\t\t\t<div class=\"elementor-element elementor-element-b270f98 elementor-widget elementor-widget-text-editor\" data-id=\"b270f98\" data-element_type=\"widget\" data-e-type=\"widget\" data-widget_type=\"text-editor.default\">\n\t\t\t\t<div class=\"elementor-widget-container\">\n\t\t\t\t\t\t\t\t\t<p>Miejskie Centrum Sportu i Rekreacji w P\u0142o\u0144sku\u00a0funkcjonuje\u00a0od roku 1998. Powo\u0142ane zosta\u0142o na podstawie Uchwa\u0142y Rady Miejskiej na bazie likwidowanego Miejskiego Centrum Kultury i Sportu.<\/p><p>Miejskie Centrum Sportu i Rekreacji w P\u0142o\u0144sku to kompleks obiekt\u00f3w sportowych\u00a0i rekreacyjnych:<\/p><ul><li>Hala sportowa o wymiarach 56m x 24m wraz z widowni\u0105 na 300 miejsc, zapleczem socjalnym tj. szatniami, natryskami i pomieszczeniami biurowymi.<\/li><li>\u0141\u0105cznik lekkoatletyczny o d\u0142ugo\u015bci 40m z bie\u017cni\u0105 tartanow\u0105 i skoczni\u0105 do skoku w dal.<\/li><li>Si\u0142ownia.<\/li><li>Stadion sportowy, kt\u00f3ry posiada licencj\u0119 wydan\u0105 przez Mazowiecki Zwi\u0105zek Pi\u0142ki No\u017cnej , kt\u00f3ra umo\u017cliwia rozgrywanie mecz\u00f3w w pi\u0142k\u0119 no\u017cn\u0105 na poziomie IV ligi. Wymiary p\u0142yty g\u0142\u00f3wnej\u00a0: 100m x 62m .<\/li><\/ul><p>Sze\u015bciotorowa bie\u017cnia z m\u0105czki ceglanej umo\u017cliwia rozgrywanie zawod\u00f3w\u00a0lekkoatletycznych.<\/p><ul><li>Boisko wielofunkcyjne ze sztuczn\u0105 nawierzchni\u0105\u00a0oddane do u\u017cytku w styczniu 2005 roku.<\/li><li>Kompleks boisk sportowych \u201eOrlik 2012\u201d zlikalizowany przy ul. Ks. R. Jaworskiego 25 oddany do u\u017cytku w maju 2009 roku , w sk\u0142ad kt\u00f3rego wchodz\u0105 :<\/li><\/ul><p>&#8211; boisko do gry w pi\u0142k\u0119 no\u017cn\u0105 z trawy syntetycznej o wymiarach 56mx26m<\/p><p>&#8211; boisko wielofunkcyjne\u00a0z nawierzchni poliuretanowej o wymiarach 28mx15m.<\/p><ul><li>Kompleks boisk sportowych &#8222;Orlik 2012&#8221; zlokalizowany przy ul. P\u0142ockiej 60 oddany do u\u017cytku w 2011 roku, w kt\u00f3rego sk\u0142ad wchodz\u0105:<\/li><\/ul><p>\u00a0\u00a0\u00a0\u00a0\u00a0\u00a0\u00a0 &#8211; boisko do pi\u0142ki no\u017cnej o wymiarach 56m x 26m &#8211; nawierzchnia trawa syntetyczna pi\u0142karska\u00a0<br \/>\u00a0\u00a0\u00a0\u00a0\u00a0\u00a0\u00a0 &#8211; boisko wielofunkcyjne z nawierzchni\u0105 poliuretanow\u0105 o wymiarach 30m x 50m, na kt\u00f3rym znajduj\u0105 si\u0119 nizej wymienione pola do gier:\u00a0\u00a0\u00a0\u00a0\u00a0\u00a0\u00a0 &#8211; boisko do pi\u0142ki r\u0119cznej<br \/>\u00a0\u00a0\u00a0\u00a0\u00a0 \u00a0 &#8211; dwa boiska do koszyk\u00f3wki<br \/>\u00a0\u00a0\u00a0\u00a0\u00a0\u00a0\u00a0 &#8211; pole gry do tenisa<br \/>\u00a0\u00a0\u00a0\u00a0\u00a0\u00a0\u00a0 &#8211; pole gry do siatkowki<br \/>\u00a0\u00a0\u00a0\u00a0\u00a0\u00a0\u00a0 &#8211; w sezonie zimowym w miesi\u0105cach od grudnia do marca funkcjonuje losowisko sezonowe<\/p><ul><li>Kryta p\u0142ywalnia, kt\u00f3rej budowa podzielona by\u0142a na trzy etapy:<\/li><\/ul><p><strong><em>I etap<\/em><\/strong>\u00a0\u2013 cz\u0119\u015b\u0107 sportowa oddana\u00a0do u\u017cytku w marcu 1998r. Obejmuje\u00a0dwa baseny: do nauki p\u0142ywania 10m x 6m i sportowy 25m x 12,5m,\u00a0przebieralnie oraz niewielkie trybuny.<\/p><p><strong><em>II etap<\/em><\/strong>\u00a0\u2013 cz\u0119\u015b\u0107 rehabilitacyjna, w sk\u0142ad kt\u00f3rej wchodzi basen z urz\u0105dzeniami do masa\u017cu dennego,\u00a0boczno \u2013 dennego, parasol wodny i niezale\u017cnie pracuj\u0105cy whirpool. Ponadto znajduje si\u0119 tam sauna, solarium oraz pomieszczenie do masa\u017cu suchego. T\u0119 cz\u0119\u015b\u0107 p\u0142ywalni oddano do u\u017cytku w grudniu 2000 roku.<\/p><p><strong><em>III etap<\/em><\/strong>\u00a0\u2013 zje\u017cd\u017calnia wodna o d\u0142ugo\u015bci 106 m z atrakcjami \u015bwietlnymi i\u00a0akustycznymi (\u015bwietlne kr\u0119gi, elementy prze\u015bwietlaj\u0105ce i modu\u0142<\/p><p>d\u017awi\u0119kowy), oddana do u\u017cytku w styczniu 2004 roku.<\/p><p>Do podstawowych zada\u0144 Miejskiego Centrum Sportu i Rekreacji w P\u0142o\u0144sku nale\u017cy:<\/p><ul><li>Propagowanie szeroko rozumianej kultury fizycznej.<\/li><li>Popularyzacja r\u00f3\u017cnych dyscyplin sportu, rekreacji, rehabilitacji ruchowej, turystyki.<\/li><li>Wsp\u00f3\u0142praca ze szko\u0142ami w zakresie prawid\u0142owego realizowania procesu wychowania fizycznego, w tym nauki p\u0142ywania.<\/li><li>Kszta\u0142towanie postaw prozdrowotnych, zdrowego stylu \u017cycia, wsp\u00f3\u0142zawodnictwa sportowego w duchu \u201efair\u00a0play\u201d.<\/li><li>Udost\u0119pnianie bazy sportowej, rekreacyjnej wed\u0142ug zapotrzebowania spo\u0142ecznego.<\/li><li>Organizowanie zaj\u0119\u0107, zawod\u00f3w, imprez sportowych wynikaj\u0105cych z kalendarza imprez.<\/li><li>Koordynacja wszelkich dzia\u0142a\u0144 sportowych w mie\u015bcie.<\/li><li>Wsp\u00f3\u0142praca z klubami sportowymi.<\/li><li>Utrzymanie i bie\u017c\u0105ca konserwacja wszystkich obiekt\u00f3w sportowych i rekreacyjnych.<\/li><li>Zapewnienie bezpiecze\u0144stwa i porz\u0105dku publicznego podczas imprez sportowych, rekreacyjnych, szczeg\u00f3lnie imprez masowych.<\/li><li>Wsp\u00f3\u0142praca z innymi organizacjami i instytucjami w obs\u0142udze imprez miejskich.<\/li><\/ul><p>Miejskie Centrum Sportu i Rekreacji w P\u0142o\u0144sku g\u0142\u00f3wne swoje dzia\u0142ania ukierunkowuje na sport masowy , amatorski , rekreacje ruchow\u0105 , a zw\u0142aszcza na dzia\u0142ania zapewniaj\u0105ce prawid\u0142owy proces realizacji wychowania fizycznego.<\/p><p>Priorytetowym dzia\u0142aniem\u00a0MCSiR jest upowszechnianie umiej\u0119tno\u015bci p\u0142ywania . Z chwil\u0105 oddania do u\u017cytkowania krytej p\u0142ywalni, dzieci i m\u0142odzie\u017c z p\u0142o\u0144skich szk\u00f3\u0142 obj\u0119ta jest programem powszechnej nauki p\u0142ywania . Przyczyni\u0142o si\u0119 to do powstania 2 uczniowskich klub\u00f3w p\u0142ywackich i\u00a0klubu p\u0142ywackiego , kt\u00f3ry zrzesza doros\u0142ych mi\u0142o\u015bnik\u00f3w tej dyscypliny sportu . Wspieramy ich dzia\u0142alno\u015b\u0107 logistycznie i finansowo .<\/p><p>Sport kwalifikowany , wyczynowy , zawody sportowe o randze mistrzostw , kt\u00f3rych nasz o\u015brodek jest wsp\u00f3\u0142organizatorem, s\u0142u\u017cy do popularyzacji dyscyplin sportu\u00a0w\u015br\u00f3d p\u0142o\u0144szczan. Ma to zach\u0119ci\u0107 ich do aktywnego trybu \u017cycia\u00a0, podnosi\u0107 atrakcyjno\u015b\u0107 naszej oferty , promowa\u0107 P\u0142o\u0144sk na arenie kraju i poza jego granicami.<\/p><p>Nasz o\u015brodek bierze aktywny udzia\u0142 w imprezach organizowanych przez inne jednostki i instytucje dzia\u0142aj\u0105ce w P\u0142o\u0144sku na rzecz mieszka\u0144c\u00f3w miasta.<\/p><p>Jeste\u015bmy wsp\u00f3\u0142organizatorami koncert\u00f3w muzycznych , festyn\u00f3w rodzinnych .<\/p><p>Za ca\u0142okszta\u0142t dzia\u0142a\u0144\u00a0na rzecz rozwoju rekreacji i sportu na terenie\u00a0miasta P\u0142o\u0144ska Redakcja \u201eKalejdoskopu Budowlanego\u201d przyzna\u0142a WYR\u00d3\u017bNIENIE w V edycji konkursu \u201eFirma na Medal\u201d Burmistrzowi -Andrzejowi Pietrasikowi w kategorii\u00a0<strong><em>\u201eInwestor obiekt\u00f3w<\/em>\u00a0sportowych\u00a0<em>i<\/em><\/strong><em>\u00a0<strong>rekreacyjnych\u201d<\/strong><\/em>\u00a0&#8211; za nowoczesne inwestycje sportowe zrealizowane w P\u0142o\u0144sku i osobiste zaanga\u017cowanie w rozw\u00f3j kompleksu sportowego : hali sportowej i krytej p\u0142ywalni , determinacj\u0119 i skuteczno\u015b\u0107 w dzia\u0142aniu.<\/p><p>W 2007 roku w VIII Edycji Konkursu Firma na Medal , kt\u00f3ry odbywa\u0142 si\u0119 pod patronatem Polskiego Komitetu Olimpijskiego Miejskie Centrum Sportu i Rekreacji otrzyma\u0142o wyr\u00f3\u017cnienie FIRMA NA MEDAL w kategorii\u00a0<strong><em>U\u017cytkownik obiekt\u00f3w sportowych i rekreacyjnych\u00a0<\/em><\/strong>za inicjatyw\u0119 i zaanga\u017cowanie w rozw\u00f3j infrastruktury sportowej i rekreacyjnej w P\u0142o\u0144sku , za wzorowe zarz\u0105dzanie obiektami MCSiR , stworzenie i realizacj\u0119 programu powszechnej nauki p\u0142ywania w\u015br\u00f3d dzieci i m\u0142odzie\u017cy szkolnej oraz ca\u0142okszta\u0142t dzia\u0142alno\u015bci na rzecz rozwoju sportu masowego i rodzinnego.<\/p><p>Pozyskujemy sponsor\u00f3w i jeste\u015bmy otwarci na wsp\u00f3\u0142prac\u0119 ze wszystkimi, kt\u00f3rzy uwa\u017caj\u0105 , \u017ce aktywno\u015b\u0107 fizyczna jest sposobem na zdrowie i dobry humor. Staramy si\u0119 zrobi\u0107 jak najwi\u0119cej , a naszym zapa\u0142em zarazi\u0107 pozosta\u0142ych do dzia\u0142ania.<\/p><p>\u00a0<\/p>\t\t\t\t\t\t\t\t<\/div>\n\t\t\t\t<\/div>\n\t\t\t\t\t<\/div>\n\t\t\t\t<\/div>\n\t\t\t\t<\/div>\n\t\t","protected":false},"excerpt":{"rendered":"<p>Historia Miejskie Centrum Sportu i Rekreacji w P\u0142o\u0144sku\u00a0funkcjonuje\u00a0od roku 1998. Powo\u0142ane zosta\u0142o na podstawie Uchwa\u0142y Rady Miejskiej na bazie likwidowanego Miejskiego Centrum Kultury i Sportu. Miejskie Centrum Sportu i Rekreacji w P\u0142o\u0144sku to kompleks obiekt\u00f3w sportowych\u00a0i rekreacyjnych: Hala sportowa o wymiarach 56m x 24m wraz z widowni\u0105 na 300 miejsc, zapleczem socjalnym tj. szatniami, natryskami i pomieszczeniami biurowymi. \u0141\u0105cznik lekkoatletyczny o d\u0142ugo\u015bci 40m z bie\u017cni\u0105 tartanow\u0105 i skoczni\u0105 do skoku w dal. Si\u0142ownia. Stadion sportowy, kt\u00f3ry posiada licencj\u0119 wydan\u0105 przez Mazowiecki Zwi\u0105zek Pi\u0142ki No\u017cnej , kt\u00f3ra umo\u017cliwia rozgrywanie mecz\u00f3w w pi\u0142k\u0119 no\u017cn\u0105 na poziomie IV ligi. Wymiary p\u0142yty g\u0142\u00f3wnej\u00a0: 100m x 62m . Sze\u015bciotorowa bie\u017cnia z m\u0105czki ceglanej umo\u017cliwia rozgrywanie zawod\u00f3w\u00a0lekkoatletycznych. Boisko wielofunkcyjne ze sztuczn\u0105 nawierzchni\u0105\u00a0oddane do u\u017cytku w styczniu 2005 roku. Kompleks boisk sportowych \u201eOrlik 2012\u201d zlikalizowany przy ul. Ks. R. Jaworskiego 25 oddany do u\u017cytku w maju 2009 roku , w sk\u0142ad kt\u00f3rego wchodz\u0105 : &#8211; boisko do gry w pi\u0142k\u0119 no\u017cn\u0105 z trawy syntetycznej o wymiarach 56mx26m &#8211; boisko wielofunkcyjne\u00a0z nawierzchni poliuretanowej o wymiarach 28mx15m. Kompleks boisk sportowych &#8222;Orlik 2012&#8221; zlokalizowany przy ul. P\u0142ockiej 60 oddany do u\u017cytku w 2011 roku, w kt\u00f3rego sk\u0142ad wchodz\u0105: \u00a0\u00a0\u00a0\u00a0\u00a0\u00a0\u00a0 &#8211; boisko do pi\u0142ki no\u017cnej o wymiarach 56m x 26m &#8211; nawierzchnia trawa syntetyczna pi\u0142karska\u00a0\u00a0\u00a0\u00a0\u00a0\u00a0\u00a0\u00a0 &#8211; boisko wielofunkcyjne z nawierzchni\u0105 poliuretanow\u0105 o wymiarach 30m x 50m, na kt\u00f3rym znajduj\u0105 si\u0119 nizej wymienione pola do gier:\u00a0\u00a0\u00a0\u00a0\u00a0\u00a0\u00a0 &#8211; boisko do pi\u0142ki r\u0119cznej\u00a0\u00a0\u00a0\u00a0\u00a0 \u00a0 &#8211; dwa boiska do koszyk\u00f3wki\u00a0\u00a0\u00a0\u00a0\u00a0\u00a0\u00a0 &#8211; pole gry do tenisa\u00a0\u00a0\u00a0\u00a0\u00a0\u00a0\u00a0 &#8211; pole gry do siatkowki\u00a0\u00a0\u00a0\u00a0\u00a0\u00a0\u00a0 &#8211; w sezonie zimowym w miesi\u0105cach od grudnia do marca funkcjonuje losowisko sezonowe Kryta p\u0142ywalnia, kt\u00f3rej budowa podzielona by\u0142a na trzy etapy: I etap\u00a0\u2013 cz\u0119\u015b\u0107 sportowa oddana\u00a0do u\u017cytku w marcu 1998r. Obejmuje\u00a0dwa baseny: do nauki p\u0142ywania 10m x 6m i sportowy 25m x 12,5m,\u00a0przebieralnie oraz niewielkie trybuny. II etap\u00a0\u2013 cz\u0119\u015b\u0107 rehabilitacyjna, w sk\u0142ad kt\u00f3rej wchodzi basen z urz\u0105dzeniami do masa\u017cu dennego,\u00a0boczno \u2013 dennego, parasol wodny i niezale\u017cnie pracuj\u0105cy whirpool. Ponadto znajduje si\u0119 tam sauna, solarium oraz pomieszczenie do masa\u017cu suchego. T\u0119 cz\u0119\u015b\u0107 p\u0142ywalni oddano do u\u017cytku w grudniu 2000 roku. III etap\u00a0\u2013 zje\u017cd\u017calnia wodna o d\u0142ugo\u015bci 106 m z atrakcjami \u015bwietlnymi i\u00a0akustycznymi (\u015bwietlne kr\u0119gi, elementy prze\u015bwietlaj\u0105ce i modu\u0142 d\u017awi\u0119kowy), oddana do u\u017cytku w styczniu 2004 roku. Do podstawowych zada\u0144 Miejskiego Centrum Sportu i Rekreacji w P\u0142o\u0144sku nale\u017cy: Propagowanie szeroko rozumianej kultury fizycznej. Popularyzacja r\u00f3\u017cnych dyscyplin sportu, rekreacji, rehabilitacji ruchowej, turystyki. Wsp\u00f3\u0142praca ze szko\u0142ami w zakresie prawid\u0142owego realizowania procesu wychowania fizycznego, w tym nauki p\u0142ywania. Kszta\u0142towanie postaw prozdrowotnych, zdrowego stylu \u017cycia, wsp\u00f3\u0142zawodnictwa sportowego w duchu \u201efair\u00a0play\u201d. Udost\u0119pnianie bazy sportowej, rekreacyjnej wed\u0142ug zapotrzebowania spo\u0142ecznego. Organizowanie zaj\u0119\u0107, zawod\u00f3w, imprez sportowych wynikaj\u0105cych z kalendarza imprez. Koordynacja wszelkich dzia\u0142a\u0144 sportowych w mie\u015bcie. Wsp\u00f3\u0142praca z klubami sportowymi. Utrzymanie i bie\u017c\u0105ca konserwacja wszystkich obiekt\u00f3w sportowych i rekreacyjnych. Zapewnienie bezpiecze\u0144stwa i porz\u0105dku publicznego podczas imprez sportowych, rekreacyjnych, szczeg\u00f3lnie imprez masowych. Wsp\u00f3\u0142praca z innymi organizacjami i instytucjami w obs\u0142udze imprez miejskich. Miejskie Centrum Sportu i Rekreacji w P\u0142o\u0144sku g\u0142\u00f3wne swoje dzia\u0142ania ukierunkowuje na sport masowy , amatorski , rekreacje ruchow\u0105 , a zw\u0142aszcza na dzia\u0142ania zapewniaj\u0105ce prawid\u0142owy proces realizacji wychowania fizycznego. Priorytetowym dzia\u0142aniem\u00a0MCSiR jest upowszechnianie umiej\u0119tno\u015bci p\u0142ywania . Z chwil\u0105 oddania do u\u017cytkowania krytej p\u0142ywalni, dzieci i m\u0142odzie\u017c z p\u0142o\u0144skich szk\u00f3\u0142 obj\u0119ta jest programem powszechnej nauki p\u0142ywania . Przyczyni\u0142o si\u0119 to do powstania 2 uczniowskich klub\u00f3w p\u0142ywackich i\u00a0klubu p\u0142ywackiego , kt\u00f3ry zrzesza doros\u0142ych mi\u0142o\u015bnik\u00f3w tej dyscypliny sportu . Wspieramy ich dzia\u0142alno\u015b\u0107 logistycznie i finansowo . Sport kwalifikowany , wyczynowy , zawody sportowe o randze mistrzostw , kt\u00f3rych nasz o\u015brodek jest wsp\u00f3\u0142organizatorem, s\u0142u\u017cy do popularyzacji dyscyplin sportu\u00a0w\u015br\u00f3d p\u0142o\u0144szczan. Ma to zach\u0119ci\u0107 ich do aktywnego trybu \u017cycia\u00a0, podnosi\u0107 atrakcyjno\u015b\u0107 naszej oferty , promowa\u0107 P\u0142o\u0144sk na arenie kraju i poza jego granicami. Nasz o\u015brodek bierze aktywny udzia\u0142 w imprezach organizowanych przez inne jednostki i instytucje dzia\u0142aj\u0105ce w P\u0142o\u0144sku na rzecz mieszka\u0144c\u00f3w miasta. Jeste\u015bmy wsp\u00f3\u0142organizatorami koncert\u00f3w muzycznych , festyn\u00f3w rodzinnych . Za ca\u0142okszta\u0142t dzia\u0142a\u0144\u00a0na rzecz rozwoju rekreacji i sportu na terenie\u00a0miasta P\u0142o\u0144ska Redakcja \u201eKalejdoskopu Budowlanego\u201d przyzna\u0142a WYR\u00d3\u017bNIENIE w V edycji konkursu \u201eFirma na Medal\u201d Burmistrzowi -Andrzejowi Pietrasikowi w kategorii\u00a0\u201eInwestor obiekt\u00f3w\u00a0sportowych\u00a0i\u00a0rekreacyjnych\u201d\u00a0&#8211; za nowoczesne inwestycje sportowe zrealizowane w P\u0142o\u0144sku i osobiste zaanga\u017cowanie w rozw\u00f3j kompleksu sportowego : hali sportowej i krytej p\u0142ywalni , determinacj\u0119 i skuteczno\u015b\u0107 w dzia\u0142aniu. W 2007 roku w VIII Edycji Konkursu Firma na Medal , kt\u00f3ry odbywa\u0142 si\u0119 pod patronatem Polskiego Komitetu Olimpijskiego Miejskie Centrum Sportu i Rekreacji otrzyma\u0142o wyr\u00f3\u017cnienie FIRMA NA MEDAL w kategorii\u00a0U\u017cytkownik obiekt\u00f3w sportowych i rekreacyjnych\u00a0za inicjatyw\u0119 i zaanga\u017cowanie w rozw\u00f3j infrastruktury sportowej i rekreacyjnej w P\u0142o\u0144sku , za wzorowe zarz\u0105dzanie obiektami MCSiR , stworzenie i realizacj\u0119 programu powszechnej nauki p\u0142ywania w\u015br\u00f3d dzieci i m\u0142odzie\u017cy szkolnej oraz ca\u0142okszta\u0142t dzia\u0142alno\u015bci na rzecz rozwoju sportu masowego i rodzinnego. Pozyskujemy sponsor\u00f3w i jeste\u015bmy otwarci na wsp\u00f3\u0142prac\u0119 ze wszystkimi, kt\u00f3rzy uwa\u017caj\u0105 , \u017ce aktywno\u015b\u0107 fizyczna jest sposobem na zdrowie i dobry humor. Staramy si\u0119 zrobi\u0107 jak najwi\u0119cej , a naszym zapa\u0142em zarazi\u0107 pozosta\u0142ych do dzia\u0142ania. \u00a0<\/p>\n","protected":false},"author":1,"featured_media":0,"parent":0,"menu_order":0,"comment_status":"closed","ping_status":"closed","template":"","meta":{"footnotes":""},"class_list":["post-16","page","type-page","status-publish","hentry"],"acf":[],"_links":{"self":[{"href":"http:\/\/mcsir.plonsk.pl\/index.php\/wp-json\/wp\/v2\/pages\/16","targetHints":{"allow":["GET"]}}],"collection":[{"href":"http:\/\/mcsir.plonsk.pl\/index.php\/wp-json\/wp\/v2\/pages"}],"about":[{"href":"http:\/\/mcsir.plonsk.pl\/index.php\/wp-json\/wp\/v2\/types\/page"}],"author":[{"embeddable":true,"href":"http:\/\/mcsir.plonsk.pl\/index.php\/wp-json\/wp\/v2\/users\/1"}],"replies":[{"embeddable":true,"href":"http:\/\/mcsir.plonsk.pl\/index.php\/wp-json\/wp\/v2\/comments?post=16"}],"version-history":[{"count":3,"href":"http:\/\/mcsir.plonsk.pl\/index.php\/wp-json\/wp\/v2\/pages\/16\/revisions"}],"predecessor-version":[{"id":103,"href":"http:\/\/mcsir.plonsk.pl\/index.php\/wp-json\/wp\/v2\/pages\/16\/revisions\/103"}],"wp:attachment":[{"href":"http:\/\/mcsir.plonsk.pl\/index.php\/wp-json\/wp\/v2\/media?parent=16"}],"curies":[{"name":"wp","href":"https:\/\/api.w.org\/{rel}","templated":true}]}}