{"id":26,"date":"2023-11-10T14:57:46","date_gmt":"2023-11-10T13:57:46","guid":{"rendered":"http:\/\/promoteka.pl\/mcsir\/?page_id=26"},"modified":"2025-10-29T11:56:26","modified_gmt":"2025-10-29T10:56:26","slug":"cennik-basen","status":"publish","type":"page","link":"http:\/\/mcsir.plonsk.pl\/index.php\/cennik-basen\/","title":{"rendered":"Cennik i godziny pracy p\u0142ywalni i odnowy biologicznej"},"content":{"rendered":"\n<figure class=\"wp-block-image size-large\"><img fetchpriority=\"high\" decoding=\"async\" width=\"1024\" height=\"1024\" src=\"https:\/\/mcsir.plonsk.pl\/wp-content\/uploads\/2025\/10\/MCSiR-godziny-pracy-plywalni-1024x1024.png\" alt=\"\" class=\"wp-image-600\" srcset=\"http:\/\/mcsir.plonsk.pl\/wp-content\/uploads\/2025\/10\/MCSiR-godziny-pracy-plywalni-1024x1024.png 1024w, http:\/\/mcsir.plonsk.pl\/wp-content\/uploads\/2025\/10\/MCSiR-godziny-pracy-plywalni-300x300.png 300w, http:\/\/mcsir.plonsk.pl\/wp-content\/uploads\/2025\/10\/MCSiR-godziny-pracy-plywalni-150x150.png 150w, http:\/\/mcsir.plonsk.pl\/wp-content\/uploads\/2025\/10\/MCSiR-godziny-pracy-plywalni-768x768.png 768w, http:\/\/mcsir.plonsk.pl\/wp-content\/uploads\/2025\/10\/MCSiR-godziny-pracy-plywalni-75x75.png 75w, http:\/\/mcsir.plonsk.pl\/wp-content\/uploads\/2025\/10\/MCSiR-godziny-pracy-plywalni.png 1080w\" sizes=\"(max-width: 1024px) 100vw, 1024px\" \/><\/figure>\n\n\n\n<figure class=\"wp-block-image size-large\"><img decoding=\"async\" width=\"1024\" height=\"1024\" src=\"https:\/\/mcsir.plonsk.pl\/wp-content\/uploads\/2025\/10\/MCSiR2-1024x1024.png\" alt=\"\" class=\"wp-image-601\" srcset=\"http:\/\/mcsir.plonsk.pl\/wp-content\/uploads\/2025\/10\/MCSiR2-1024x1024.png 1024w, http:\/\/mcsir.plonsk.pl\/wp-content\/uploads\/2025\/10\/MCSiR2-300x300.png 300w, http:\/\/mcsir.plonsk.pl\/wp-content\/uploads\/2025\/10\/MCSiR2-150x150.png 150w, http:\/\/mcsir.plonsk.pl\/wp-content\/uploads\/2025\/10\/MCSiR2-768x768.png 768w, http:\/\/mcsir.plonsk.pl\/wp-content\/uploads\/2025\/10\/MCSiR2-75x75.png 75w, http:\/\/mcsir.plonsk.pl\/wp-content\/uploads\/2025\/10\/MCSiR2.png 1080w\" sizes=\"(max-width: 1024px) 100vw, 1024px\" \/><\/figure>\n\n\n\n<hr class=\"wp-block-separator has-alpha-channel-opacity\"\/>\n\n\n\n<p>Cennik <strong>KRYTA P\u0141YWALNIA<\/strong>: Za\u0142\u0105cznik Nr 1 do uchwa\u0142y Nr XII\/89\/2025 Rady Miejskiej W P\u0142o\u0144sku z dnia 15 stycznia 2025r.<\/p>\n\n\n\n<figure class=\"wp-block-image size-large\"><img decoding=\"async\" width=\"1024\" height=\"738\" src=\"https:\/\/mcsir.plonsk.pl\/wp-content\/uploads\/2025\/10\/1-1-1024x738.jpg\" alt=\"\" class=\"wp-image-609\" srcset=\"http:\/\/mcsir.plonsk.pl\/wp-content\/uploads\/2025\/10\/1-1-1024x738.jpg 1024w, http:\/\/mcsir.plonsk.pl\/wp-content\/uploads\/2025\/10\/1-1-300x216.jpg 300w, http:\/\/mcsir.plonsk.pl\/wp-content\/uploads\/2025\/10\/1-1-768x553.jpg 768w, http:\/\/mcsir.plonsk.pl\/wp-content\/uploads\/2025\/10\/1-1-1536x1107.jpg 1536w, http:\/\/mcsir.plonsk.pl\/wp-content\/uploads\/2025\/10\/1-1-1140x821.jpg 1140w, http:\/\/mcsir.plonsk.pl\/wp-content\/uploads\/2025\/10\/1-1.jpg 1882w\" sizes=\"(max-width: 1024px) 100vw, 1024px\" \/><\/figure>\n\n\n\n<figure class=\"wp-block-image size-large\"><img loading=\"lazy\" decoding=\"async\" width=\"1869\" height=\"1373\" src=\"https:\/\/mcsir.plonsk.pl\/wp-content\/uploads\/2025\/10\/2-1024x752.jpg\" alt=\"\" class=\"wp-image-610\" srcset=\"http:\/\/mcsir.plonsk.pl\/wp-content\/uploads\/2025\/10\/2-1024x752.jpg 1024w, http:\/\/mcsir.plonsk.pl\/wp-content\/uploads\/2025\/10\/2-300x220.jpg 300w, http:\/\/mcsir.plonsk.pl\/wp-content\/uploads\/2025\/10\/2-768x564.jpg 768w, http:\/\/mcsir.plonsk.pl\/wp-content\/uploads\/2025\/10\/2-1536x1128.jpg 1536w, http:\/\/mcsir.plonsk.pl\/wp-content\/uploads\/2025\/10\/2-1140x837.jpg 1140w, http:\/\/mcsir.plonsk.pl\/wp-content\/uploads\/2025\/10\/2.jpg 1869w\" sizes=\"(max-width: 1869px) 100vw, 1869px\" \/><\/figure>\n","protected":false},"excerpt":{"rendered":"<p>Cennik KRYTA P\u0141YWALNIA: Za\u0142\u0105cznik Nr 1 do uchwa\u0142y Nr XII\/89\/2025 Rady Miejskiej W P\u0142o\u0144sku z dnia 15 stycznia 2025r.<\/p>\n","protected":false},"author":1,"featured_media":0,"parent":0,"menu_order":0,"comment_status":"closed","ping_status":"closed","template":"elementor_theme","meta":{"footnotes":""},"class_list":["post-26","page","type-page","status-publish","hentry"],"acf":[],"_links":{"self":[{"href":"http:\/\/mcsir.plonsk.pl\/index.php\/wp-json\/wp\/v2\/pages\/26","targetHints":{"allow":["GET"]}}],"collection":[{"href":"http:\/\/mcsir.plonsk.pl\/index.php\/wp-json\/wp\/v2\/pages"}],"about":[{"href":"http:\/\/mcsir.plonsk.pl\/index.php\/wp-json\/wp\/v2\/types\/page"}],"author":[{"embeddable":true,"href":"http:\/\/mcsir.plonsk.pl\/index.php\/wp-json\/wp\/v2\/users\/1"}],"replies":[{"embeddable":true,"href":"http:\/\/mcsir.plonsk.pl\/index.php\/wp-json\/wp\/v2\/comments?post=26"}],"version-history":[{"count":38,"href":"http:\/\/mcsir.plonsk.pl\/index.php\/wp-json\/wp\/v2\/pages\/26\/revisions"}],"predecessor-version":[{"id":611,"href":"http:\/\/mcsir.plonsk.pl\/index.php\/wp-json\/wp\/v2\/pages\/26\/revisions\/611"}],"wp:attachment":[{"href":"http:\/\/mcsir.plonsk.pl\/index.php\/wp-json\/wp\/v2\/media?parent=26"}],"curies":[{"name":"wp","href":"https:\/\/api.w.org\/{rel}","templated":true}]}}