{"id":338,"date":"2025-03-13T10:24:48","date_gmt":"2025-03-13T09:24:48","guid":{"rendered":"https:\/\/mcsir.plonsk.pl\/?page_id=338"},"modified":"2026-02-11T13:01:13","modified_gmt":"2026-02-11T12:01:13","slug":"deklaracja-dostepnosci","status":"publish","type":"page","link":"http:\/\/mcsir.plonsk.pl\/index.php\/deklaracja-dostepnosci\/","title":{"rendered":"DEKLARACJA DOST\u0118PNO\u015aCI"},"content":{"rendered":"<h1>Deklaracja dost\u0119pno\u015bci<\/h1>\n<section id=\"a11y-wstep\">\n<p><span id=\"a11y-podmiot\">Miejskie Centrum Sportu i Rekreacji w P\u0142o\u0144sku<\/span>  zobowi\u0105zuje si\u0119 zapewni\u0107 dost\u0119pno\u015b\u0107 swojej <span id=\"a11y-zakres\">strony internetowej<\/span> zgodnie z ustaw\u0105 z dnia 4 kwietnia 2019 r. o dost\u0119pno\u015bci cyfrowej stron internetowych i aplikacji mobilnych podmiot\u00f3w publicznych.<\/p>\n<p>Deklaracja dost\u0119pno\u015bci dotyczy strony  <a href=\"http:\/\/www.mcsir.plonsk.pl\" id=\"a11y-url\" target=\"_blank\">http:\/\/www.mcsir.plonsk.pl<\/a>.<\/p>\n<\/section>\n<section>\n<ul>\n<li>Data publikacji strony internetowej: <time id=\"a11y-data-publikacja\" datetime=\"2024-02-20\">20 lutego 2024 r.<\/time><\/li>\n<li>Data ostatniej istotnej aktualizacji: <time id=\"a11y-data-aktualizacja\" datetime=\"2020-06-23\">20 lutego 2024 r.<\/time><\/li>\n<\/ul>\n<\/section>\n<section>\n<h2>Stan dost\u0119pno\u015bci cyfrowej<\/h2>\n<p id=\"a11y-status\">Ta strona internetowa jest cz\u0119\u015bciowo zgodna z za\u0142\u0105cznikiem do ustawy o dost\u0119pno\u015bci cyfrowej z dnia 4 kwietnia 2019 r. o dost\u0119pno\u015bci cyfrowej stron internetowych i aplikacji mobilnych podmiot\u00f3w publicznych z powodu [niezgodno\u015bci i wy\u0142\u0105cze\u0144] wymienionych poni\u017cej.<\/p>\n<\/section>\n<section>\n<h2>Niedost\u0119pne tre\u015bci<\/h2>\n<section>\n<h3>Niezgodno\u015b\u0107 z za\u0142\u0105cznikiem<\/h3>\n<ul>\n<li>Niewidoczny fokus.<\/li>\n<li>Problemy z nawigowaniem po stronie za pomoc\u0105 klawiatury.<\/li>\n<li>Nie wszystkie elementy aktywne na stronie s\u0105 dost\u0119pne za pomoc\u0105 klawiatury. Niemo\u017cliwa nawigacja po stronie internetowej przy u\u017cyciu standardowych skr\u00f3t\u00f3w klawiaturowych takich jak: Esc (wyjd\u017a\/zamknij), Spacja (oznacz\/rozwi\u0144 w np. pola rozwijane, listy rozwijane), strza\u0142ki &#8222;g\u00f3ra&#8221; i &#8222;d\u00f3\u0142&#8221; (przechodzenie po elementach listy rozwijanej).<\/li>\n<li>Grafiki w aktualno\u015bci g\u0142\u00f3wnej oraz w zak\u0142adce Cenniki i zak\u0142adce Terminarz nie posiadaj\u0105 opis\u00f3w alternatywnych.<\/li>\n<li>Cz\u0119\u015b\u0107 informacji w zak\u0142adce Cenniki<br \/>\nhttps:\/\/mcsir.plonsk.pl\/index.php\/cennik-basen\/<br \/>\nhttps:\/\/mcsir.plonsk.pl\/index.php\/cennik-lodowisko\/<br \/>\nzamieszczono w formie niedost\u0119pnej cyfrowo (grafiki).<\/li>\n<li>Cz\u0119\u015b\u0107 informacji w zak\u0142adce Terminarz imprez<br \/>\nhttps:\/\/mcsir.plonsk.pl\/index.php\/terminarz-imprez\/<br \/>\nzamieszczono w formie niedost\u0119pnej cyfrowo (grafiki).<\/li>\n<li>Cz\u0119\u015b\u0107 informacji w aktualno\u015bci g\u0142\u00f3wnej zamieszczono w formie niedost\u0119pnej cyfrowo (grafiki).<\/li>\n<li>Nieczytelne przez czytniki ekranu dokumenty i informacje u\u017cytkownicy mog\u0105 rozpozna\u0107 narz\u0119dziem OCR lub wyst\u0105pi\u0107 o alternatywny dost\u0119p do publikowanych dokument\u00f3w np. poprzez odczytanie tre\u015bci.<\/li>\n<\/ul>\n<\/section>\n<section>\n<h3>Tre\u015bci nieobj\u0119te przepisami<\/h3>\n<ul>\n<li>Mapy, pliki wytworzone przez inne podmioty ni\u017c Miejskie Centrum Sportu i Rekreacji w P\u0142o\u0144sku i przekazane do publikacji w formie papierowej lub skan\u00f3w z uwagi na brak dost\u0119pu do danych \u017ar\u00f3d\u0142owych, tre\u015bci archiwalne, niewykorzystywane do realizacji bie\u017c\u0105cych zada\u0144.<\/li>\n<\/ul>\n<\/section>\n<section>\n<h3>Nadmierne koszty<\/h3>\n<ul>\n<li>Nie dotyczy.<\/li>\n<\/ul>\n<\/section>\n<\/section>\n<section>\n<h2>Przygotowanie deklaracji dost\u0119pno\u015bci<\/h2>\n<ul>\n<li>Data sporz\u0105dzenia deklaracji: <time id=\"a11y-data-sporzadzenie\" datetime=\"2025-03-13\">13 marca 2025 r.<\/time><\/li>\n<li>Data ostatniego przegl\u0105du deklaracji: <time id=\"a11y-data-przeglad\" datetime=\"2026-02-11\">11 lutego 2026 r.<\/time><\/li>\n<\/ul>\n<p>Deklaracj\u0119 sporz\u0105dzili\u015bmy na podstawie samooceny w oparciu o <a href=\"https:\/\/www.gov.pl\/attachment\/1a3e2bb5-6d60-4897-ac2f-07a8e91e70ed\">List\u0119 kontroln\u0105 do badania dost\u0119pno\u015bci cyfrowej strony internetowej v. 2.2 (docx, 0,12MB)<\/a>.<\/p>\n<\/section>\n<section>\n<h2>Informacje zwrotne i dane kontaktowe<\/h2>\n<p>Wszystkie problemy z dost\u0119pno\u015bci\u0105 cyfrow\u0105 tej strony internetowej mo\u017cesz zg\u0142osi\u0107 do <span id=\"a11y-kontakt\">Moniki Suwi\u0144skiej<\/span> &#8211; mejlowo <a id=\"a11y-email\" href=\"mailto:sekretariat.mcsir@plonsk.pl\">sekretariat.mcsir@plonsk.pl<\/a> lub telefonicznie <a id=\"a11y-telefon\" href=\"tel:236622701\">23 662 27 01<\/a>.<\/p>\n<p>Ka\u017cdy ma prawo wyst\u0105pi\u0107 z \u017c\u0105daniem zapewnienia dost\u0119pno\u015bci cyfrowej tej strony internetowej lub jej element\u00f3w.<\/p>\n<p>Zg\u0142aszaj\u0105c takie \u017c\u0105danie podaj:<\/p>\n<ul>\n<li>swoje imi\u0119 i nazwisko,<\/li>\n<li>swoje dane kontaktowe (np. numer telefonu, e-mail),<\/li>\n<li>dok\u0142adny adres strony internetowej, na kt\u00f3rej jest niedost\u0119pny cyfrowo element lub tre\u015b\u0107,<\/li>\n<li>opis na czym polega problem i jaki spos\u00f3b jego rozwi\u0105zania by\u0142by dla Ciebie najwygodniejszy.<\/li>\n<\/ul>\n<p>Na Twoje zg\u0142oszenie odpowiemy najszybciej jak to mo\u017cliwe, nie p\u00f3\u017aniej ni\u017c w ci\u0105gu 7 dni od jego otrzymania.<\/p>\n<p>Je\u017celi ten termin b\u0119dzie dla nas zbyt kr\u00f3tki poinformujemy Ci\u0119 o tym. W tej informacji podamy nowy termin, do kt\u00f3rego poprawimy zg\u0142oszone przez Ciebie b\u0142\u0119dy lub przygotujemy informacje w alternatywny spos\u00f3b. Ten nowy termin nie b\u0119dzie d\u0142u\u017cszy ni\u017c 2 miesi\u0105ce.<\/p>\n<p>Je\u017celi nie b\u0119dziemy w stanie zapewni\u0107 dost\u0119pno\u015bci cyfrowej strony internetowej lub tre\u015bci, wskazanej w Twoim \u017c\u0105daniu, zaproponujemy Ci dost\u0119p do nich w alternatywny spos\u00f3b.<\/p>\n<\/section>\n<section id=\"a11y-procedura\">\n<h2>Obs\u0142uga wniosk\u00f3w i skarg zwi\u0105zanych z dost\u0119pno\u015bci\u0105<\/h2>\n<p>Je\u017celi w odpowiedzi na Tw\u00f3j wniosek o zapewnienie dost\u0119pno\u015bci cyfrowej, odm\u00f3wimy zapewnienia \u017c\u0105danej przez Ciebie dost\u0119pno\u015bci cyfrowej, a Ty nie zgadzasz si\u0119 z t\u0105 odmow\u0105, masz prawo z\u0142o\u017cy\u0107 skarg\u0119.<\/p>\n<p>Skarg\u0119 masz prawo z\u0142o\u017cy\u0107 tak\u017ce, je\u015bli nie zgadzasz si\u0119 na skorzystanie z alternatywnego sposobu dost\u0119pu, kt\u00f3ry zaproponowali\u015bmy Ci w odpowiedzi na Tw\u00f3j wniosek o zapewnienie dost\u0119pno\u015bci cyfrowej.<\/p>\n<p>Ewentualn\u0105 skarg\u0119 z\u0142\u00f3\u017c listownie lub mailem do kierownictwa naszego urz\u0119du:<\/p>\n<ul>\n<li><span id=\"a11y-procedura-kierownik\">Waldemar Kunicki Dyrektor Miejskiego Centrum Sportu i Rekreacji w P\u0142o\u0144sku<\/span>,<\/li>\n<li>Adres: <span id=\"a11y-procedura-adres\">ul. Kopernika 3, 09-100 P\u0142o\u0144sk<\/span>,<\/li>\n<li>mejl: <a id=\"a11y-procedura-email\" href=\"mailto:sekretariat.mcsir@plonsk.pl\">sekretariat.mcsir@plonsk.pl<\/a>.<\/li>\n<\/ul>\n<p><a href=\"https:\/\/www.gov.pl\/web\/gov\/zloz-wniosek-o-zapewnienie-dostepnosci-cyfrowej-strony-internetowej-lub-aplikacji-mobilnej\">Pomocne mog\u0105 by\u0107 informacje, kt\u00f3re mo\u017cna znale\u017a\u0107 na rz\u0105dowym portalu gov.pl<\/a>.<\/p>\n<p>Mo\u017cesz tak\u017ce poinformowa\u0107 o tej sytuacji <a href=\"https:\/\/bip.brpo.gov.pl\/\">Rzecznika Praw Obywatelskich<\/a> i poprosi\u0107 o interwencj\u0119 w Twojej sprawie.<\/p>\n<\/section>\n<section>\n<h2>Pozosta\u0142e informacje<\/h2>\n<section id=\"a11y-architektura\">\n<h3>Dost\u0119pno\u015b\u0107 architektoniczna<\/h3>\n<section>\n<h4>Miejskie Centrum Sportu i Rekreacji w P\u0142o\u0144sku<\/h4>\n<address>\n<div>Kopernika 3<\/div>\n<div>09-100 P\u0142o\u0144sk<\/div>\n<\/address>\n<section>\n<h5>Parking<\/h5>\n<ul>\n<li>Mo\u017cesz skorzysta\u0107 z miejsca parkingowego. Na parkingu wyznaczyli\u015bmy 2 miejsc przeznaczonych dla os\u00f3b niepe\u0142nosprawnych. Pami\u0119taj o zabraniu karty parkingowej i umieszczeniu jej za szyb\u0105.<\/li>\n<li>Parking jest bezp\u0142atny.<\/li>\n<\/ul>\n<\/section>\n<section>\n<h5>Pies asystuj\u0105cy<\/h5>\n<ul>\n<li>Mo\u017cesz przyj\u015b\u0107 z psem asystuj\u0105cym lub psem przewodnikiem. Pami\u0119taj o certyfikacie psa asystuj\u0105cego i za\u015bwiadczeniu o szczepieniu.<\/li>\n<\/ul>\n<\/section>\n<section>\n<h5>Wej\u015bcie do budynku<\/h5>\n<ul>\n<li>Do wej\u015bcia prowadz\u0105 schody.<\/li>\n<li>Przy schodach znajduje si\u0119 por\u0119cz.<\/li>\n<li>Drzwi musisz otworzy\u0107 r\u0119cznie.<\/li>\n<li>Otwieraj\u0105 si\u0119 na zewn\u0105trz.<\/li>\n<li>Otworzenie drzwi nie wymaga du\u017cej si\u0142y.<\/li>\n<li>Drzwi s\u0105 prze\u017aroczyste i nie s\u0105 kontrastowo oznaczone.<\/li>\n<\/ul>\n<\/section>\n<section>\n<h5>Ci\u0105gi poziome<\/h5>\n<ul>\n<li>Cz\u0119\u015b\u0107 korytarzy nie jest dost\u0119pna dla os\u00f3b poruszaj\u0105cych si\u0119 na w\u00f3zkach.<\/li>\n<\/ul>\n<\/section>\n<section>\n<h5>Ci\u0105gi pionowe<\/h5>\n<ul>\n<li>Na inne kondygnacje mo\u017cesz si\u0119 dosta\u0107 za pomoc\u0105 schod\u00f3w<\/li>\n<\/ul>\n<\/section>\n<section>\n<h5>Pomieszczenia<\/h5>\n<ul>\n<li>Oko\u0142o 75% pomieszcze\u0144 jest dost\u0119pnych dla os\u00f3b na w\u00f3zkach.<\/li>\n<\/ul>\n<\/section>\n<section>\n<h5>\u0141azienka<\/h5>\n<ul>\n<li>Nie mamy dost\u0119pnej toalety.<\/li>\n<li>Nie ma pochwyt\u00f3w przy ust\u0119pie.<\/li>\n<\/ul>\n<\/section>\n<\/section>\n<\/section>\n<section id=\"a11y-komunikacja\">\n<h3>Dost\u0119pno\u015b\u0107 komunikacyjno-informacyjna<\/h3>\n<ul>\n<li>Informacja o naszej dzia\u0142alno\u015bci w tek\u015bcie \u0142atwym do czytania (ETR): https:\/\/mcsir.plonsk.pl\/index.php\/informacja-o-zakresie-dzialalnosci-mcsir-w-jezyku-latwym-do-czytania-etr\/<\/li>\n<li>Informacja o naszej dzia\u0142alno\u015bci w j\u0119zyku migowym (PJM): https:\/\/mcsir.plonsk.pl\/index.php\/informacja-o-zakresie-dzialalnosci-mcsir-przetlumaczona-na-polski-jezyk-migowy\/<\/li>\n<li>Aktualny raport z zapewnienia dost\u0119pno\u015bci: https:\/\/mcsir.plonsk.pl\/index.php\/raport-o-stanie-zapewnienia-dostepnosci-2025-rok-2\/<\/li>\n<li>Deklaracja dost\u0119pno\u015bci zosta\u0142a przygotowana w <a href=\"https:\/\/deklaracja-dostepnosci.info\/generator\" external=\"\">Generatorze Deklaracji Dost\u0119pno\u015bci<\/a>.<\/li>\n<\/ul>\n<\/section>\n<\/section>\n","protected":false},"excerpt":{"rendered":"<p>Deklaracja dost\u0119pno\u015bci Miejskie Centrum Sportu i Rekreacji w P\u0142o\u0144sku zobowi\u0105zuje si\u0119 zapewni\u0107 dost\u0119pno\u015b\u0107 swojej strony internetowej zgodnie z ustaw\u0105 z dnia 4 kwietnia 2019 r. o dost\u0119pno\u015bci cyfrowej stron internetowych i aplikacji mobilnych podmiot\u00f3w publicznych. Deklaracja dost\u0119pno\u015bci dotyczy strony http:\/\/www.mcsir.plonsk.pl. Data publikacji strony internetowej: 20 lutego 2024 r. Data ostatniej istotnej aktualizacji: 20 lutego 2024 r. Stan dost\u0119pno\u015bci cyfrowej Ta strona internetowa jest cz\u0119\u015bciowo zgodna z za\u0142\u0105cznikiem do ustawy o dost\u0119pno\u015bci cyfrowej z dnia 4 kwietnia 2019 r. o dost\u0119pno\u015bci cyfrowej stron internetowych i aplikacji mobilnych podmiot\u00f3w publicznych z powodu [niezgodno\u015bci i wy\u0142\u0105cze\u0144] wymienionych poni\u017cej. Niedost\u0119pne tre\u015bci Niezgodno\u015b\u0107 z za\u0142\u0105cznikiem Niewidoczny fokus. Problemy z nawigowaniem po stronie za pomoc\u0105 klawiatury. Nie wszystkie elementy aktywne na stronie s\u0105 dost\u0119pne za pomoc\u0105 klawiatury. Niemo\u017cliwa nawigacja po stronie internetowej przy u\u017cyciu standardowych skr\u00f3t\u00f3w klawiaturowych takich jak: Esc (wyjd\u017a\/zamknij), Spacja (oznacz\/rozwi\u0144 w np. pola rozwijane, listy rozwijane), strza\u0142ki &#8222;g\u00f3ra&#8221; i &#8222;d\u00f3\u0142&#8221; (przechodzenie po elementach listy rozwijanej). Grafiki w aktualno\u015bci g\u0142\u00f3wnej oraz w zak\u0142adce Cenniki i zak\u0142adce Terminarz nie posiadaj\u0105 opis\u00f3w alternatywnych. Cz\u0119\u015b\u0107 informacji w zak\u0142adce Cenniki https:\/\/mcsir.plonsk.pl\/index.php\/cennik-basen\/ https:\/\/mcsir.plonsk.pl\/index.php\/cennik-lodowisko\/ zamieszczono w formie niedost\u0119pnej cyfrowo (grafiki). Cz\u0119\u015b\u0107 informacji w zak\u0142adce Terminarz imprez https:\/\/mcsir.plonsk.pl\/index.php\/terminarz-imprez\/ zamieszczono w formie niedost\u0119pnej cyfrowo (grafiki). Cz\u0119\u015b\u0107 informacji w aktualno\u015bci g\u0142\u00f3wnej zamieszczono w formie niedost\u0119pnej cyfrowo (grafiki). Nieczytelne przez czytniki ekranu dokumenty i informacje u\u017cytkownicy mog\u0105 rozpozna\u0107 narz\u0119dziem OCR lub wyst\u0105pi\u0107 o alternatywny dost\u0119p do publikowanych dokument\u00f3w np. poprzez odczytanie tre\u015bci. Tre\u015bci nieobj\u0119te przepisami Mapy, pliki wytworzone przez inne podmioty ni\u017c Miejskie Centrum Sportu i Rekreacji w P\u0142o\u0144sku i przekazane do publikacji w formie papierowej lub skan\u00f3w z uwagi na brak dost\u0119pu do danych \u017ar\u00f3d\u0142owych, tre\u015bci archiwalne, niewykorzystywane do realizacji bie\u017c\u0105cych zada\u0144. Nadmierne koszty Nie dotyczy. Przygotowanie deklaracji dost\u0119pno\u015bci Data sporz\u0105dzenia deklaracji: 13 marca 2025 r. Data ostatniego przegl\u0105du deklaracji: 11 lutego 2026 r. Deklaracj\u0119 sporz\u0105dzili\u015bmy na podstawie samooceny w oparciu o List\u0119 kontroln\u0105 do badania dost\u0119pno\u015bci cyfrowej strony internetowej v. 2.2 (docx, 0,12MB). Informacje zwrotne i dane kontaktowe Wszystkie problemy z dost\u0119pno\u015bci\u0105 cyfrow\u0105 tej strony internetowej mo\u017cesz zg\u0142osi\u0107 do Moniki Suwi\u0144skiej &#8211; mejlowo sekretariat.mcsir@plonsk.pl lub telefonicznie 23 662 27 01. Ka\u017cdy ma prawo wyst\u0105pi\u0107 z \u017c\u0105daniem zapewnienia dost\u0119pno\u015bci cyfrowej tej strony internetowej lub jej element\u00f3w. Zg\u0142aszaj\u0105c takie \u017c\u0105danie podaj: swoje imi\u0119 i nazwisko, swoje dane kontaktowe (np. numer telefonu, e-mail), dok\u0142adny adres strony internetowej, na kt\u00f3rej jest niedost\u0119pny cyfrowo element lub tre\u015b\u0107, opis na czym polega problem i jaki spos\u00f3b jego rozwi\u0105zania by\u0142by dla Ciebie najwygodniejszy. Na Twoje zg\u0142oszenie odpowiemy najszybciej jak to mo\u017cliwe, nie p\u00f3\u017aniej ni\u017c w ci\u0105gu 7 dni od jego otrzymania. Je\u017celi ten termin b\u0119dzie dla nas zbyt kr\u00f3tki poinformujemy Ci\u0119 o tym. W tej informacji podamy nowy termin, do kt\u00f3rego poprawimy zg\u0142oszone przez Ciebie b\u0142\u0119dy lub przygotujemy informacje w alternatywny spos\u00f3b. Ten nowy termin nie b\u0119dzie d\u0142u\u017cszy ni\u017c 2 miesi\u0105ce. Je\u017celi nie b\u0119dziemy w stanie zapewni\u0107 dost\u0119pno\u015bci cyfrowej strony internetowej lub tre\u015bci, wskazanej w Twoim \u017c\u0105daniu, zaproponujemy Ci dost\u0119p do nich w alternatywny spos\u00f3b. Obs\u0142uga wniosk\u00f3w i skarg zwi\u0105zanych z dost\u0119pno\u015bci\u0105 Je\u017celi w odpowiedzi na Tw\u00f3j wniosek o zapewnienie dost\u0119pno\u015bci cyfrowej, odm\u00f3wimy zapewnienia \u017c\u0105danej przez Ciebie dost\u0119pno\u015bci cyfrowej, a Ty nie zgadzasz si\u0119 z t\u0105 odmow\u0105, masz prawo z\u0142o\u017cy\u0107 skarg\u0119. Skarg\u0119 masz prawo z\u0142o\u017cy\u0107 tak\u017ce, je\u015bli nie zgadzasz si\u0119 na skorzystanie z alternatywnego sposobu dost\u0119pu, kt\u00f3ry zaproponowali\u015bmy Ci w odpowiedzi na Tw\u00f3j wniosek o zapewnienie dost\u0119pno\u015bci cyfrowej. Ewentualn\u0105 skarg\u0119 z\u0142\u00f3\u017c listownie lub mailem do kierownictwa naszego urz\u0119du: Waldemar Kunicki Dyrektor Miejskiego Centrum Sportu i Rekreacji w P\u0142o\u0144sku, Adres: ul. Kopernika 3, 09-100 P\u0142o\u0144sk, mejl: sekretariat.mcsir@plonsk.pl. Pomocne mog\u0105 by\u0107 informacje, kt\u00f3re mo\u017cna znale\u017a\u0107 na rz\u0105dowym portalu gov.pl. Mo\u017cesz tak\u017ce poinformowa\u0107 o tej sytuacji Rzecznika Praw Obywatelskich i poprosi\u0107 o interwencj\u0119 w Twojej sprawie. Pozosta\u0142e informacje Dost\u0119pno\u015b\u0107 architektoniczna Miejskie Centrum Sportu i Rekreacji w P\u0142o\u0144sku Kopernika 3 09-100 P\u0142o\u0144sk Parking Mo\u017cesz skorzysta\u0107 z miejsca parkingowego. Na parkingu wyznaczyli\u015bmy 2 miejsc przeznaczonych dla os\u00f3b niepe\u0142nosprawnych. Pami\u0119taj o zabraniu karty parkingowej i umieszczeniu jej za szyb\u0105. Parking jest bezp\u0142atny. Pies asystuj\u0105cy Mo\u017cesz przyj\u015b\u0107 z psem asystuj\u0105cym lub psem przewodnikiem. Pami\u0119taj o certyfikacie psa asystuj\u0105cego i za\u015bwiadczeniu o szczepieniu. Wej\u015bcie do budynku Do wej\u015bcia prowadz\u0105 schody. Przy schodach znajduje si\u0119 por\u0119cz. Drzwi musisz otworzy\u0107 r\u0119cznie. Otwieraj\u0105 si\u0119 na zewn\u0105trz. Otworzenie drzwi nie wymaga du\u017cej si\u0142y. Drzwi s\u0105 prze\u017aroczyste i nie s\u0105 kontrastowo oznaczone. Ci\u0105gi poziome Cz\u0119\u015b\u0107 korytarzy nie jest dost\u0119pna dla os\u00f3b poruszaj\u0105cych si\u0119 na w\u00f3zkach. Ci\u0105gi pionowe Na inne kondygnacje mo\u017cesz si\u0119 dosta\u0107 za pomoc\u0105 schod\u00f3w Pomieszczenia Oko\u0142o 75% pomieszcze\u0144 jest dost\u0119pnych dla os\u00f3b na w\u00f3zkach. \u0141azienka Nie mamy dost\u0119pnej toalety. Nie ma pochwyt\u00f3w przy ust\u0119pie. Dost\u0119pno\u015b\u0107 komunikacyjno-informacyjna Informacja o naszej dzia\u0142alno\u015bci w tek\u015bcie \u0142atwym do czytania (ETR): https:\/\/mcsir.plonsk.pl\/index.php\/informacja-o-zakresie-dzialalnosci-mcsir-w-jezyku-latwym-do-czytania-etr\/ Informacja o naszej dzia\u0142alno\u015bci w j\u0119zyku migowym (PJM): https:\/\/mcsir.plonsk.pl\/index.php\/informacja-o-zakresie-dzialalnosci-mcsir-przetlumaczona-na-polski-jezyk-migowy\/ Aktualny raport z zapewnienia dost\u0119pno\u015bci: https:\/\/mcsir.plonsk.pl\/index.php\/raport-o-stanie-zapewnienia-dostepnosci-2025-rok-2\/ Deklaracja dost\u0119pno\u015bci zosta\u0142a przygotowana w Generatorze Deklaracji Dost\u0119pno\u015bci.<\/p>\n","protected":false},"author":1,"featured_media":0,"parent":0,"menu_order":0,"comment_status":"closed","ping_status":"closed","template":"","meta":{"footnotes":""},"class_list":["post-338","page","type-page","status-publish","hentry"],"acf":[],"_links":{"self":[{"href":"http:\/\/mcsir.plonsk.pl\/index.php\/wp-json\/wp\/v2\/pages\/338","targetHints":{"allow":["GET"]}}],"collection":[{"href":"http:\/\/mcsir.plonsk.pl\/index.php\/wp-json\/wp\/v2\/pages"}],"about":[{"href":"http:\/\/mcsir.plonsk.pl\/index.php\/wp-json\/wp\/v2\/types\/page"}],"author":[{"embeddable":true,"href":"http:\/\/mcsir.plonsk.pl\/index.php\/wp-json\/wp\/v2\/users\/1"}],"replies":[{"embeddable":true,"href":"http:\/\/mcsir.plonsk.pl\/index.php\/wp-json\/wp\/v2\/comments?post=338"}],"version-history":[{"count":11,"href":"http:\/\/mcsir.plonsk.pl\/index.php\/wp-json\/wp\/v2\/pages\/338\/revisions"}],"predecessor-version":[{"id":632,"href":"http:\/\/mcsir.plonsk.pl\/index.php\/wp-json\/wp\/v2\/pages\/338\/revisions\/632"}],"wp:attachment":[{"href":"http:\/\/mcsir.plonsk.pl\/index.php\/wp-json\/wp\/v2\/media?parent=338"}],"curies":[{"name":"wp","href":"https:\/\/api.w.org\/{rel}","templated":true}]}}