{"id":36,"date":"2023-11-10T15:04:06","date_gmt":"2023-11-10T14:04:06","guid":{"rendered":"http:\/\/promoteka.pl\/mcsir\/?page_id=36"},"modified":"2025-10-29T10:33:47","modified_gmt":"2025-10-29T09:33:47","slug":"cennik-hala-sportowa","status":"publish","type":"page","link":"http:\/\/mcsir.plonsk.pl\/index.php\/cennik-hala-sportowa\/","title":{"rendered":"Cennik &#8211; Hala sportowa i inne obiekty"},"content":{"rendered":"\n<p>Cennik: Za\u0142\u0105cznik Nr 2 do uchwa\u0142y Nr XII\/89\/2025 Rady Miejskiej W P\u0142o\u0144sku z dnia 15 stycznia 2025r.&nbsp;<\/p>\n\n\n<figure class=\"wp-block-table is-style-stripes has-small-font-size\">\n<table>\n<tbody>\n<tr>\n<td><strong>Lp.<\/strong><\/td>\n<td><strong>BOISKA<\/strong><\/td>\n<td><strong>CENA BRUTTO<\/strong><\/td>\n<td><strong>JEDNOSTKA MIARY<\/strong><\/td>\n<\/tr>\n<tr>\n<td><strong>1.<\/strong><\/td>\n<td><strong>Ca\u0142a hala<\/strong><\/td>\n<td>190,00<\/td>\n<td>1 godz.<\/td>\n<\/tr>\n<tr>\n<td><strong>2.<\/strong><\/td>\n<td><strong>Boisko boczne<\/strong><\/td>\n<td>75,00<\/td>\n<td>1 godz.<\/td>\n<\/tr>\n<tr>\n<td>\u00a0<\/td>\n<td>\u00a0<\/td>\n<\/tr>\n<\/tbody>\n<\/table>\n<\/figure>\n\n\n<figure class=\"wp-block-table is-style-stripes has-small-font-size\"><table><tbody><tr><td><strong>Lp.<\/strong><\/td><td><strong>INNE<\/strong><\/td><td><strong>CENA BRUTTO<\/strong><\/td><td><strong>JEDNOSTKA MIARY<\/strong><\/td><\/tr><tr><td><strong>1.<\/strong><\/td><td><strong>Sala konferencyjna<\/strong><\/td><td>65,00<\/td><td>1 godz.<\/td><\/tr><tr><td><strong>2.<\/strong><\/td><td><strong>Gra w tenisa sto\u0142owego<\/strong><\/td><td>7,50<\/td><td>1 \u017ceton<\/td><\/tr><tr><td><strong>3.<\/strong><\/td><td><strong>Gra w bilard<\/strong><\/td><td>6,50<\/td><td>1 \u017ceton<\/td><\/tr><tr><td><strong>4.<\/strong><\/td><td><strong>Wynajem hali na imprezy inne ni\u017c&nbsp;sportowe<\/strong><br>(koncerty itp.) \u2013 cena negocjowana ka\u017cdorazowo z wynajmuj\u0105cym<\/td><td>3 500,00<\/td><td>1 dzie\u0144<\/td><\/tr><tr><td><strong>5.<\/strong><\/td><td>W okresie ferii zimowych, wakacji, zimowej i wiosennej przerwy \u015bwi\u0105tecznej,  w godz.<strong> <\/strong><br><strong>9.00 \u2013 15.00<\/strong>&nbsp;nieodp\u0142atna gra w tenisa sto\u0142owego dla m\u0142odzie\u017cy szkolnej za okazaniem legitymacji&nbsp;<\/td><td>bezp\u0142atnie<\/td><td><\/td><\/tr><tr><td><strong>6.<\/strong><\/td><td><strong>Kluby sportowe, stowarzyszenia sportowe&nbsp;za korzystanie z obiekt\u00f3w sportowych MCSiR<\/strong>&nbsp;(stadion, hala sportowa, zaplecza,&nbsp;pomieszczenia biurowe) ponosz\u0105 odp\u0142atno\u015b\u0107 za miesi\u0105c bez wzgl\u0119du na liczb\u0119 godzin treningowych i os\u00f3b trenuj\u0105cych&nbsp;&#8211; <strong>po uzyskaniu akceptacji Burmistrza Miasta P\u0142o\u0144sk<\/strong>.<\/td><td>3,50<\/td><td>1 miesi\u0105c<\/td><\/tr><tr><td><strong>7.<\/strong><\/td><td><strong>Op\u0142ata startowa<\/strong>&nbsp;za udzia\u0142 w zawodach tenisa sto\u0142owego&nbsp;(odp\u0142atno\u015b\u0107 od osoby za start w jednym turnieju):<br><strong>a) kategoria m\u0142odsza<br>b) kategoria starsza<\/strong><\/td><td>8,50<br>13,00<\/td><td>jednorazowo<br>za turniej &nbsp; &nbsp;&nbsp;&nbsp;&nbsp;&nbsp;&nbsp;<\/td><\/tr><tr><td><strong>8.<\/strong><\/td><td><strong>Op\u0142ata za udzia\u0142 w turnieju pi\u0142ki no\u017cnej amator\u00f3w<\/strong>&nbsp;(odp\u0142atno\u015b\u0107 od dru\u017cyny za jeden turniej)<\/td><td>110,00<\/td><td>jednorazowo<br>za turniej<\/td><\/tr><tr><td><strong>9.<\/strong><\/td><td><strong>Szko\u0142y i przedszkola, dla kt\u00f3rych organem prowadz\u0105cym jest Gmina Miasto P\u0142o\u0144sk<\/strong> korzystaj\u0105 <strong>nieodp\u0142atnie<\/strong> z infrastruktury sportowej MCSiR (hala sportowa, stadion, \u0142\u0105cznik lekkoatletyczny, zaplecza)  w ramach realizowania zaj\u0119\u0107 wychowania fizycznego.&nbsp;&nbsp;&nbsp;&nbsp;&nbsp;&nbsp;&nbsp;&nbsp;&nbsp;&nbsp;&nbsp;<\/td><td>bezp\u0142atnie<\/td><td><\/td><\/tr><tr><td><strong>10.<\/strong><\/td><td>Op\u0142ata za udostepnienie terenu dla pojazd\u00f3w wykonuj\u0105cych badania z zakresu profilaktyki       <br>zdrowotnej, kultury zdrowotnej, itp.<\/td><td>450,00<\/td><td>1 dzie\u0144<\/td><\/tr><tr><td><strong>11.<\/strong><\/td><td><strong>Zwalnia si\u0119 z op\u0142at za korzystanie z obiekt\u00f3w sportowych MCSiR w P\u0142o\u0144sku<\/strong> w uzasadnionych przypadkach, w celu realizacji wa\u017cnych spo\u0142ecznie zada\u0144 Gminy, w szczeg\u00f3lno\u015bci wspomagaj\u0105cych proces edukacyjny w zakresie kultury fizycznej i sportu, zdrowotnych program\u00f3w profilaktycznych, akcji charytatywnych. <strong>Decyzj\u0119 w sprawie zwolnienia podejmuje Burmistrz Miasta P\u0142o\u0144ska<\/strong>.<\/td><td>&nbsp;&nbsp;&nbsp;&nbsp;&nbsp;&nbsp;&nbsp;&nbsp;&nbsp;&nbsp;&nbsp;&nbsp;&nbsp; &#8211;<\/td><td>&nbsp;&nbsp;&nbsp;&nbsp;&nbsp;&nbsp;&nbsp;&nbsp;&nbsp;&nbsp;&nbsp;&nbsp;<\/td><\/tr><\/tbody><\/table><\/figure>\n\n\n\n<pre class=\"wp-block-preformatted\"><\/pre>\n","protected":false},"excerpt":{"rendered":"<p>Cennik: Za\u0142\u0105cznik Nr 2 do uchwa\u0142y Nr XII\/89\/2025 Rady Miejskiej W P\u0142o\u0144sku z dnia 15 stycznia 2025r.&nbsp; Lp. BOISKA CENA BRUTTO JEDNOSTKA MIARY 1. Ca\u0142a hala 190,00 1 godz. 2. Boisko boczne 75,00 1 godz. \u00a0 \u00a0 Lp. INNE CENA BRUTTO JEDNOSTKA MIARY 1. Sala konferencyjna 65,00 1 godz. 2. Gra w tenisa sto\u0142owego 7,50 1 \u017ceton 3. Gra w bilard 6,50 1 \u017ceton 4. Wynajem hali na imprezy inne ni\u017c&nbsp;sportowe(koncerty itp.) \u2013 cena negocjowana ka\u017cdorazowo z wynajmuj\u0105cym 3 500,00 1 dzie\u0144 5. W okresie ferii zimowych, wakacji, zimowej i wiosennej przerwy \u015bwi\u0105tecznej, w godz. 9.00 \u2013 15.00&nbsp;nieodp\u0142atna gra w tenisa sto\u0142owego dla m\u0142odzie\u017cy szkolnej za okazaniem legitymacji&nbsp; bezp\u0142atnie 6. Kluby sportowe, stowarzyszenia sportowe&nbsp;za korzystanie z obiekt\u00f3w sportowych MCSiR&nbsp;(stadion, hala sportowa, zaplecza,&nbsp;pomieszczenia biurowe) ponosz\u0105 odp\u0142atno\u015b\u0107 za miesi\u0105c bez wzgl\u0119du na liczb\u0119 godzin treningowych i os\u00f3b trenuj\u0105cych&nbsp;&#8211; po uzyskaniu akceptacji Burmistrza Miasta P\u0142o\u0144sk. 3,50 1 miesi\u0105c 7. Op\u0142ata startowa&nbsp;za udzia\u0142 w zawodach tenisa sto\u0142owego&nbsp;(odp\u0142atno\u015b\u0107 od osoby za start w jednym turnieju):a) kategoria m\u0142odszab) kategoria starsza 8,5013,00 jednorazowoza turniej &nbsp; &nbsp;&nbsp;&nbsp;&nbsp;&nbsp;&nbsp; 8. Op\u0142ata za udzia\u0142 w turnieju pi\u0142ki no\u017cnej amator\u00f3w&nbsp;(odp\u0142atno\u015b\u0107 od dru\u017cyny za jeden turniej) 110,00 jednorazowoza turniej 9. Szko\u0142y i przedszkola, dla kt\u00f3rych organem prowadz\u0105cym jest Gmina Miasto P\u0142o\u0144sk korzystaj\u0105 nieodp\u0142atnie z infrastruktury sportowej MCSiR (hala sportowa, stadion, \u0142\u0105cznik lekkoatletyczny, zaplecza) w ramach realizowania zaj\u0119\u0107 wychowania fizycznego.&nbsp;&nbsp;&nbsp;&nbsp;&nbsp;&nbsp;&nbsp;&nbsp;&nbsp;&nbsp;&nbsp; bezp\u0142atnie 10. Op\u0142ata za udostepnienie terenu dla pojazd\u00f3w wykonuj\u0105cych badania z zakresu profilaktyki zdrowotnej, kultury zdrowotnej, itp. 450,00 1 dzie\u0144 11. Zwalnia si\u0119 z op\u0142at za korzystanie z obiekt\u00f3w sportowych MCSiR w P\u0142o\u0144sku w uzasadnionych przypadkach, w celu realizacji wa\u017cnych spo\u0142ecznie zada\u0144 Gminy, w szczeg\u00f3lno\u015bci wspomagaj\u0105cych proces edukacyjny w zakresie kultury fizycznej i sportu, zdrowotnych program\u00f3w profilaktycznych, akcji charytatywnych. Decyzj\u0119 w sprawie zwolnienia podejmuje Burmistrz Miasta P\u0142o\u0144ska. &nbsp;&nbsp;&nbsp;&nbsp;&nbsp;&nbsp;&nbsp;&nbsp;&nbsp;&nbsp;&nbsp;&nbsp;&nbsp; &#8211; &nbsp;&nbsp;&nbsp;&nbsp;&nbsp;&nbsp;&nbsp;&nbsp;&nbsp;&nbsp;&nbsp;&nbsp;<\/p>\n","protected":false},"author":1,"featured_media":0,"parent":0,"menu_order":0,"comment_status":"closed","ping_status":"closed","template":"","meta":{"footnotes":""},"class_list":["post-36","page","type-page","status-publish","hentry"],"acf":[],"_links":{"self":[{"href":"http:\/\/mcsir.plonsk.pl\/index.php\/wp-json\/wp\/v2\/pages\/36","targetHints":{"allow":["GET"]}}],"collection":[{"href":"http:\/\/mcsir.plonsk.pl\/index.php\/wp-json\/wp\/v2\/pages"}],"about":[{"href":"http:\/\/mcsir.plonsk.pl\/index.php\/wp-json\/wp\/v2\/types\/page"}],"author":[{"embeddable":true,"href":"http:\/\/mcsir.plonsk.pl\/index.php\/wp-json\/wp\/v2\/users\/1"}],"replies":[{"embeddable":true,"href":"http:\/\/mcsir.plonsk.pl\/index.php\/wp-json\/wp\/v2\/comments?post=36"}],"version-history":[{"count":8,"href":"http:\/\/mcsir.plonsk.pl\/index.php\/wp-json\/wp\/v2\/pages\/36\/revisions"}],"predecessor-version":[{"id":605,"href":"http:\/\/mcsir.plonsk.pl\/index.php\/wp-json\/wp\/v2\/pages\/36\/revisions\/605"}],"wp:attachment":[{"href":"http:\/\/mcsir.plonsk.pl\/index.php\/wp-json\/wp\/v2\/media?parent=36"}],"curies":[{"name":"wp","href":"https:\/\/api.w.org\/{rel}","templated":true}]}}