{"id":38,"date":"2023-11-10T15:05:22","date_gmt":"2023-11-10T14:05:22","guid":{"rendered":"http:\/\/promoteka.pl\/mcsir\/?page_id=38"},"modified":"2025-10-29T10:34:10","modified_gmt":"2025-10-29T09:34:10","slug":"cennik-lodowisko","status":"publish","type":"page","link":"https:\/\/mcsir.plonsk.pl\/index.php\/cennik-lodowisko\/","title":{"rendered":"Cennik &#8211; Lodowisko"},"content":{"rendered":"\n<p>ZAPRASZAMY na LODOWISKO<\/p>\n\n\n\n<p>sezon 2024 &#8211; 2025<\/p>\n\n\n\n<p>Cennik: Za\u0142\u0105cznik Nr 3 do uchwa\u0142y Nr XII\/89\/2025 Rady Miejskiej W P\u0142o\u0144sku z dnia 15 stycznia 2025r.&nbsp;<\/p>\n\n\n\n<figure class=\"wp-block-image size-large\"><img fetchpriority=\"high\" decoding=\"async\" width=\"724\" height=\"1024\" src=\"https:\/\/mcsir.plonsk.pl\/wp-content\/uploads\/2025\/01\/MCSiR-Cennik-lodowisko-2-724x1024.png\" alt=\"\" class=\"wp-image-316\" srcset=\"https:\/\/mcsir.plonsk.pl\/wp-content\/uploads\/2025\/01\/MCSiR-Cennik-lodowisko-2-724x1024.png 724w, https:\/\/mcsir.plonsk.pl\/wp-content\/uploads\/2025\/01\/MCSiR-Cennik-lodowisko-2-212x300.png 212w, https:\/\/mcsir.plonsk.pl\/wp-content\/uploads\/2025\/01\/MCSiR-Cennik-lodowisko-2-768x1086.png 768w, https:\/\/mcsir.plonsk.pl\/wp-content\/uploads\/2025\/01\/MCSiR-Cennik-lodowisko-2-1086x1536.png 1086w, https:\/\/mcsir.plonsk.pl\/wp-content\/uploads\/2025\/01\/MCSiR-Cennik-lodowisko-2-1140x1612.png 1140w, https:\/\/mcsir.plonsk.pl\/wp-content\/uploads\/2025\/01\/MCSiR-Cennik-lodowisko-2.png 1414w\" sizes=\"(max-width: 724px) 100vw, 724px\" \/><\/figure>\n\n\n\n<p><sup>1. <\/sup><strong><u>Uwaga !<\/u><\/strong> <strong><u>Bilet ulgowy pkt. Nr 2 cennika<\/u><\/strong><\/p>\n\n\n\n<p>\u2022 dzieci i m\u0142odzie\u017c szkolna za okazaniem wa\u017cnej legitymacji szkolnej, legitymacji przedszkolaka;<br>\u2022 studenci do 25 roku \u017cycia za okazaniem wa\u017cnej legitymacji;<br>\u2022 emeryci i renci\u015bci za okazaniem wa\u017cnej legitymacji.<br>____________________________________________<\/p>\n\n\n\n<p>\u261d\ufe0f<strong>Posiadacz AKTYWNEJ P\u0142o\u0144skiej Karty Mieszka\u0144ca<\/strong> (bez wzgl\u0119du na wiek)<\/p>\n\n\n\n<p>\u2022<strong> RABAT 5%<\/strong> warto\u015bci biletu normalnego i ulgowego (poz. 1 i 2 cennika)<\/p>\n\n\n\n<p>____________________________________________<\/p>\n\n\n\n<p>\u2744\ufe0f W okresie <strong>zimowej przerwy \u015bwi\u0105tecznej oraz ferii zimowych<\/strong>, dzieci i m\u0142odzie\u017c do lat 19 z p\u0142o\u0144skich szk\u00f3\u0142 korzysta z lodowiska oraz wypo\u017cyczalni \u0142y\u017cew za darmo 1 godzin\u0119 dziennie, w godzinach&nbsp;9:00 \u2013 15:00<\/p>\n\n\n\n<p><br><\/p>\n","protected":false},"excerpt":{"rendered":"<p>ZAPRASZAMY na LODOWISKO sezon 2024 &#8211; 2025 Cennik: Za\u0142\u0105cznik Nr 3 do uchwa\u0142y Nr XII\/89\/2025 Rady Miejskiej W P\u0142o\u0144sku z dnia 15 stycznia 2025r.&nbsp; 1. Uwaga ! Bilet ulgowy pkt. Nr 2 cennika \u2022 dzieci i m\u0142odzie\u017c szkolna za okazaniem wa\u017cnej legitymacji szkolnej, legitymacji przedszkolaka;\u2022 studenci do 25 roku \u017cycia za okazaniem wa\u017cnej legitymacji;\u2022 emeryci i renci\u015bci za okazaniem wa\u017cnej legitymacji.____________________________________________ \u261d\ufe0fPosiadacz AKTYWNEJ P\u0142o\u0144skiej Karty Mieszka\u0144ca (bez wzgl\u0119du na wiek) \u2022 RABAT 5% warto\u015bci biletu normalnego i ulgowego (poz. 1 i 2 cennika) ____________________________________________ \u2744\ufe0f W okresie zimowej przerwy \u015bwi\u0105tecznej oraz ferii zimowych, dzieci i m\u0142odzie\u017c do lat 19 z p\u0142o\u0144skich szk\u00f3\u0142 korzysta z lodowiska oraz wypo\u017cyczalni \u0142y\u017cew za darmo 1 godzin\u0119 dziennie, w godzinach&nbsp;9:00 \u2013 15:00<\/p>\n","protected":false},"author":1,"featured_media":0,"parent":0,"menu_order":0,"comment_status":"closed","ping_status":"closed","template":"","meta":{"footnotes":""},"class_list":["post-38","page","type-page","status-publish","hentry"],"acf":[],"_links":{"self":[{"href":"https:\/\/mcsir.plonsk.pl\/index.php\/wp-json\/wp\/v2\/pages\/38","targetHints":{"allow":["GET"]}}],"collection":[{"href":"https:\/\/mcsir.plonsk.pl\/index.php\/wp-json\/wp\/v2\/pages"}],"about":[{"href":"https:\/\/mcsir.plonsk.pl\/index.php\/wp-json\/wp\/v2\/types\/page"}],"author":[{"embeddable":true,"href":"https:\/\/mcsir.plonsk.pl\/index.php\/wp-json\/wp\/v2\/users\/1"}],"replies":[{"embeddable":true,"href":"https:\/\/mcsir.plonsk.pl\/index.php\/wp-json\/wp\/v2\/comments?post=38"}],"version-history":[{"count":13,"href":"https:\/\/mcsir.plonsk.pl\/index.php\/wp-json\/wp\/v2\/pages\/38\/revisions"}],"predecessor-version":[{"id":606,"href":"https:\/\/mcsir.plonsk.pl\/index.php\/wp-json\/wp\/v2\/pages\/38\/revisions\/606"}],"wp:attachment":[{"href":"https:\/\/mcsir.plonsk.pl\/index.php\/wp-json\/wp\/v2\/media?parent=38"}],"curies":[{"name":"wp","href":"https:\/\/api.w.org\/{rel}","templated":true}]}}