{"id":431,"date":"2025-03-14T14:42:51","date_gmt":"2025-03-14T13:42:51","guid":{"rendered":"https:\/\/mcsir.plonsk.pl\/?page_id=431"},"modified":"2025-04-08T13:44:31","modified_gmt":"2025-04-08T11:44:31","slug":"informacja-o-zakresie-dzialalnosci-mcsir-tekst-do-odczytu-maszynowego","status":"publish","type":"page","link":"https:\/\/mcsir.plonsk.pl\/index.php\/informacja-o-zakresie-dzialalnosci-mcsir-tekst-do-odczytu-maszynowego\/","title":{"rendered":"Informacja o zakresie dzia\u0142alno\u015bci \u00a0MCSiR \u00a0&#8211; tekst do odczytu maszynowego"},"content":{"rendered":"\n<p><strong>Informacja na temat dzia\u0142alno\u015bci Miejskiego Centrum Sportu i Rekreacji w P\u0142o\u0144sku \u2013 tekst do odczytu maszynowego<\/strong><\/p>\n\n\n\n<p>Miejskie Centrum Sportu i Rekreacji w P\u0142o\u0144sku, w skr\u00f3cie zwane dalej MCSiR jest jednostk\u0105 organizacyjn\u0105 Gminy Miasto P\u0142o\u0144sk, dzia\u0142aj\u0105c\u0105 jako wyodr\u0119bniona jednostka bud\u017cetowa.<\/p>\n\n\n\n<p>Siedziba MCSiR znajduje si\u0119 w P\u0142o\u0144sku przy ul. Kopernika 3. Nadz\u00f3r nad MCSiR sprawuje Burmistrz Miasta P\u0142o\u0144ska.<\/p>\n\n\n\n<p><strong>Zakres dzia\u0142ania Miejskiego Centrum Sportu i Rekreacji w P\u0142o\u0144sku<\/strong><\/p>\n\n\n\n<p>Podstawowym celem MCSiR jest krzewienie i upowszechnianie oraz ochrona kultury fizycznej i turystyki. Do podstawowych zada\u0144 MCSiR nale\u017c\u0105 w szczeg\u00f3lno\u015bci:<\/p>\n\n\n\n<ul class=\"wp-block-list\">\n<li>rozw\u00f3j r\u00f3\u017cnych dyscyplin sportowych;<\/li>\n<\/ul>\n\n\n\n<ul class=\"wp-block-list\">\n<li>rozw\u00f3j bazy sportowej i turystycznej;<\/li>\n<\/ul>\n\n\n\n<ul class=\"wp-block-list\">\n<li>udost\u0119pnianie bazy sportowej i rekreacyjnej zainteresowanym jednostkom i osobom, w tym: klubom i zwi\u0105zkom sportowym, fundacjom, organizacjom kultury fizycznej i turystyki, organizacjom spo\u0142ecznym i zawodowym, szko\u0142om, uczelniom, zak\u0142adom pracy i innym u\u017cytkownikom;<\/li>\n<\/ul>\n\n\n\n<ul class=\"wp-block-list\">\n<li>upowszechnianie kultury fizycznej poprzez organizacj\u0119 w\u0142asnych imprez rekreacyjno &#8211; sportowych i turystycznych dla spo\u0142eczno\u015bci lokalnej;<\/li>\n<\/ul>\n\n\n\n<ul class=\"wp-block-list\">\n<li>czynny udzia\u0142 w \u017cyciu kulturalnym, gospodarczym i spo\u0142ecznym gminy;<\/li>\n<\/ul>\n\n\n\n<ul class=\"wp-block-list\">\n<li>kszta\u0142towanie wzor\u00f3w aktywnego uczestnictwa w sporcie;<\/li>\n<\/ul>\n\n\n\n<ul class=\"wp-block-list\">\n<li>gromadzenie, upowszechnianie, dokumentowanie, tworzenie, ochrona i udost\u0119pnianie materialnych osi\u0105gni\u0119\u0107 zwi\u0105zanych z kultur\u0105 fizyczn\u0105 i sportem;<\/li>\n<\/ul>\n\n\n\n<ul class=\"wp-block-list\">\n<li>organizowanie zawod\u00f3w oraz imprez rekreacyjnych i sportowych;<\/li>\n<\/ul>\n\n\n\n<ul class=\"wp-block-list\">\n<li>organizowanie wypoczynku dla grup sportowych, rekreacyjnych i innych os\u00f3b fizycznych i prawnych;<\/li>\n<\/ul>\n\n\n\n<ul class=\"wp-block-list\">\n<li>organizacja warsztat\u00f3w, szkole\u0144 itp. w zakresie profilaktyki, socjoterapii, edukacji.<\/li>\n<\/ul>\n\n\n\n<p><strong>MCSiR realizuje swoje zadania przede wszystkim przez:<\/strong><\/p>\n\n\n\n<ul class=\"wp-block-list\">\n<li>propagowanie rozwoju kultury fizycznej i turystyki poprzez aktywne uczestnictwo w realizacji program\u00f3w gminnych, powiatowych, wojew\u00f3dzkich, krajowych i mi\u0119dzynarodowych;<\/li>\n<\/ul>\n\n\n\n<ul class=\"wp-block-list\">\n<li>wsp\u00f3\u0142dzia\u0142anie z w\u0142adzami samorz\u0105dowymi oraz z w\u0142a\u015bciwymi instytucjami, organizacjami i osobami fizycznymi w zakresie rozwoju r\u00f3\u017cnych dyscyplin sportu oraz form aktywnego wypoczynku;<\/li>\n<\/ul>\n\n\n\n<ul class=\"wp-block-list\">\n<li>zarz\u0105dzanie obiektami, urz\u0105dzeniami dbaj\u0105c o ich utrzymanie, modernizacj\u0119 i rozbudow\u0119;<\/li>\n<\/ul>\n\n\n\n<ul class=\"wp-block-list\">\n<li>organizowanie odp\u0142atnych i nieodp\u0142atnych imprez sportowych i turystycznych;<\/li>\n<\/ul>\n\n\n\n<ul class=\"wp-block-list\">\n<li>prowadzenie dzia\u0142alno\u015bci szkoleniowej i organizowanie r\u00f3\u017cnorodnych form edukacji sportowej i turystycznej, wypoczynku oraz warsztat\u00f3w profilaktycznych i socjoterapeutycznych<\/li>\n<\/ul>\n\n\n\n<ul class=\"wp-block-list\">\n<li>sprawowanie opieki wychowawczej oraz zapewnianie wysokiego poziomu moralnego sportowc\u00f3w<\/li>\n<\/ul>\n\n\n\n<p>Mienie MCSiR jest mieniem komunalnych, stanowi\u0105cym w\u0142asno\u015b\u0107 Gminy Miasta P\u0142o\u0144sk, przekazanym w zarz\u0105d i administracj\u0119. MCSiR gospodaruje samodzielnie wydzielon\u0105 cz\u0119\u015bci\u0105 mienia komunalnego oraz prowadzi samodzieln\u0105 gospodark\u0119 w ramach posiadanych \u015brodk\u00f3w.<\/p>\n\n\n\n<p>MCSiR sprawuje zarz\u0105d nad:<\/p>\n\n\n\n<ul class=\"wp-block-list\">\n<li>Kryt\u0105 P\u0142ywalni\u0105, Hal\u0105 Sportow\u0105, Stadionem, znajduj\u0105cymi si\u0119 w P\u0142o\u0144sku przy ul. Kopernika 3;<\/li>\n<\/ul>\n\n\n\n<ul class=\"wp-block-list\">\n<li>Kompleksem Boisk Sportowych &#8222;Orlik 2012&#8221; przy ul. Ks. R. Jaworskiego 25;<\/li>\n<\/ul>\n\n\n\n<ul class=\"wp-block-list\">\n<li>&nbsp;Kompleksem Boisk Sportowych &#8222;Orlik 2012&#8221; przy ul. P\u0142ockiej 60;<\/li>\n<\/ul>\n\n\n\n<ul class=\"wp-block-list\">\n<li>Lodowiskiem ze sta\u0142\u0105 p\u0142yt\u0105 oraz budynkiem zaplecza;&nbsp;<\/li>\n<\/ul>\n\n\n\n<ul class=\"wp-block-list\">\n<li>Skateparkiem przy targowisku Manhatan;<\/li>\n<\/ul>\n\n\n\n<ul class=\"wp-block-list\">\n<li>Boiskiem Wielofunkcyjnym przy ul. P\u00f3\u0142nocnej;<\/li>\n<\/ul>\n\n\n\n<ul class=\"wp-block-list\">\n<li>O\u015brodkiem Edukacji, Profilaktyki i Integracji \u015arodowiskowej Gminy Miasta P\u0142o\u0144sk Goszczyce \u015arednie.<\/li>\n<\/ul>\n\n\n\n<p><strong>Kontakt z Miejskim Centrum Sportu i Rekreacji<\/strong><\/p>\n\n\n\n<p>telefoniczny: 23&nbsp;662 27 01<\/p>\n\n\n\n<p>mejlowy: <a href=\"mailto:sekretariat.mcsir@plonsk.pl\">sekretariat.mcsir@plonsk.pl<\/a><\/p>\n\n\n\n<p>korespondencyjny: ul. Kopernika 3, 09-100 P\u0142o\u0144sk<\/p>\n\n\n\n<p><strong>Godziny pracy<\/strong><\/p>\n\n\n\n<p>Biuro czynne jest od poniedzia\u0142ku do pi\u0105tku od godziny 7:00 do 15:00<\/p>\n\n\n\n<p>Basen czynny jest od poniedzia\u0142ku do soboty od godziny 6:30 do 22:30, w niedziel\u0119 od godziny 10:00 do 18:00.<\/p>\n\n\n\n<p>Hala sportowa czynna jest codziennie od godziny 6:30 do 22:30<\/p>\n\n\n\n<p>Lodowisko w okresie zimowym czynne jest codziennie od godziny 9:00 do 21:00 z przerw\u0105 techniczn\u0105 od godziny 15:00 do 16:00. Termin otwarcia lodowiska podany zostanie z wyprzedzeniem.<\/p>\n\n\n\n<p><\/p>\n","protected":false},"excerpt":{"rendered":"<p>Informacja na temat dzia\u0142alno\u015bci Miejskiego Centrum Sportu i Rekreacji w P\u0142o\u0144sku \u2013 tekst do odczytu maszynowego Miejskie Centrum Sportu i Rekreacji w P\u0142o\u0144sku, w skr\u00f3cie zwane dalej MCSiR jest jednostk\u0105 organizacyjn\u0105 Gminy Miasto P\u0142o\u0144sk, dzia\u0142aj\u0105c\u0105 jako wyodr\u0119bniona jednostka bud\u017cetowa. Siedziba MCSiR znajduje si\u0119 w P\u0142o\u0144sku przy ul. Kopernika 3. Nadz\u00f3r nad MCSiR sprawuje Burmistrz Miasta P\u0142o\u0144ska. Zakres dzia\u0142ania Miejskiego Centrum Sportu i Rekreacji w P\u0142o\u0144sku Podstawowym celem MCSiR jest krzewienie i upowszechnianie oraz ochrona kultury fizycznej i turystyki. Do podstawowych zada\u0144 MCSiR nale\u017c\u0105 w szczeg\u00f3lno\u015bci: MCSiR realizuje swoje zadania przede wszystkim przez: Mienie MCSiR jest mieniem komunalnych, stanowi\u0105cym w\u0142asno\u015b\u0107 Gminy Miasta P\u0142o\u0144sk, przekazanym w zarz\u0105d i administracj\u0119. MCSiR gospodaruje samodzielnie wydzielon\u0105 cz\u0119\u015bci\u0105 mienia komunalnego oraz prowadzi samodzieln\u0105 gospodark\u0119 w ramach posiadanych \u015brodk\u00f3w. MCSiR sprawuje zarz\u0105d nad: Kontakt z Miejskim Centrum Sportu i Rekreacji telefoniczny: 23&nbsp;662 27 01 mejlowy: sekretariat.mcsir@plonsk.pl korespondencyjny: ul. Kopernika 3, 09-100 P\u0142o\u0144sk Godziny pracy Biuro czynne jest od poniedzia\u0142ku do pi\u0105tku od godziny 7:00 do 15:00 Basen czynny jest od poniedzia\u0142ku do soboty od godziny 6:30 do 22:30, w niedziel\u0119 od godziny 10:00 do 18:00. Hala sportowa czynna jest codziennie od godziny 6:30 do 22:30 Lodowisko w okresie zimowym czynne jest codziennie od godziny 9:00 do 21:00 z przerw\u0105 techniczn\u0105 od godziny 15:00 do 16:00. Termin otwarcia lodowiska podany zostanie z wyprzedzeniem.<\/p>\n","protected":false},"author":1,"featured_media":0,"parent":0,"menu_order":0,"comment_status":"closed","ping_status":"closed","template":"","meta":{"footnotes":""},"class_list":["post-431","page","type-page","status-publish","hentry"],"acf":[],"_links":{"self":[{"href":"https:\/\/mcsir.plonsk.pl\/index.php\/wp-json\/wp\/v2\/pages\/431","targetHints":{"allow":["GET"]}}],"collection":[{"href":"https:\/\/mcsir.plonsk.pl\/index.php\/wp-json\/wp\/v2\/pages"}],"about":[{"href":"https:\/\/mcsir.plonsk.pl\/index.php\/wp-json\/wp\/v2\/types\/page"}],"author":[{"embeddable":true,"href":"https:\/\/mcsir.plonsk.pl\/index.php\/wp-json\/wp\/v2\/users\/1"}],"replies":[{"embeddable":true,"href":"https:\/\/mcsir.plonsk.pl\/index.php\/wp-json\/wp\/v2\/comments?post=431"}],"version-history":[{"count":3,"href":"https:\/\/mcsir.plonsk.pl\/index.php\/wp-json\/wp\/v2\/pages\/431\/revisions"}],"predecessor-version":[{"id":478,"href":"https:\/\/mcsir.plonsk.pl\/index.php\/wp-json\/wp\/v2\/pages\/431\/revisions\/478"}],"wp:attachment":[{"href":"https:\/\/mcsir.plonsk.pl\/index.php\/wp-json\/wp\/v2\/media?parent=431"}],"curies":[{"name":"wp","href":"https:\/\/api.w.org\/{rel}","templated":true}]}}