{"id":446,"date":"2025-03-26T10:16:13","date_gmt":"2025-03-26T09:16:13","guid":{"rendered":"https:\/\/mcsir.plonsk.pl\/?p=446"},"modified":"2025-03-26T10:16:13","modified_gmt":"2025-03-26T09:16:13","slug":"strona-glowna-bip","status":"publish","type":"page","link":"https:\/\/mcsir.plonsk.pl\/index.php\/strona-glowna-bip\/","title":{"rendered":"Strona g\u0142\u00f3wna BIP"},"content":{"rendered":"\n<div class=\"wp-block-image\">\n\t<figure class=\"alignright\">\n\t\t<img\n\t\t\tsrc=\"https:\/\/mcsir.plonsk.pl\/wp-content\/plugins\/bip-pages\/boilerplate-text\/..\/assets\/bip-logos\/bip-full-color-pl_min.png\"\n\t\t\talt=\"Biuletyn Informacji Publicznej\"\/>\n\t<\/figure>\n<\/div>\n\n\n\n<p>\n\tMCSiR P\u0142o\u0144sk: Biuletyn Informacji Publicznej<\/p>\n\n\n\n\n\n\n\n\n\n<p>\n\t<a href=\"https:\/\/mcsir.plonsk.pl\/?p=445\">\n\t\tInstrukcja obs\u0142ugi stron BIP\t<\/a>\n<\/p>\n\n","protected":false},"excerpt":{"rendered":"<p>MCSiR P\u0142o\u0144sk: Biuletyn Informacji Publicznej Instrukcja obs\u0142ugi stron BIP<\/p>\n","protected":false},"author":1,"featured_media":0,"parent":0,"menu_order":0,"comment_status":"closed","ping_status":"closed","template":"","meta":{"footnotes":""},"class_list":["post-446","page","type-page","status-publish","hentry"],"acf":[],"_links":{"self":[{"href":"https:\/\/mcsir.plonsk.pl\/index.php\/wp-json\/wp\/v2\/pages\/446","targetHints":{"allow":["GET"]}}],"collection":[{"href":"https:\/\/mcsir.plonsk.pl\/index.php\/wp-json\/wp\/v2\/pages"}],"about":[{"href":"https:\/\/mcsir.plonsk.pl\/index.php\/wp-json\/wp\/v2\/types\/page"}],"author":[{"embeddable":true,"href":"https:\/\/mcsir.plonsk.pl\/index.php\/wp-json\/wp\/v2\/users\/1"}],"replies":[{"embeddable":true,"href":"https:\/\/mcsir.plonsk.pl\/index.php\/wp-json\/wp\/v2\/comments?post=446"}],"version-history":[{"count":0,"href":"https:\/\/mcsir.plonsk.pl\/index.php\/wp-json\/wp\/v2\/pages\/446\/revisions"}],"wp:attachment":[{"href":"https:\/\/mcsir.plonsk.pl\/index.php\/wp-json\/wp\/v2\/media?parent=446"}],"curies":[{"name":"wp","href":"https:\/\/api.w.org\/{rel}","templated":true}]}}